{"id":1325,"date":"2024-01-08T11:27:58","date_gmt":"2024-01-08T10:27:58","guid":{"rendered":"http:\/\/dev-air.boisuncafe.com\/?post_type=product&#038;p=1325"},"modified":"2024-04-22T11:24:40","modified_gmt":"2024-04-22T09:24:40","slug":"sniper-storm-pc1-standard-tan","status":"publish","type":"product","link":"https:\/\/storm-airsoft.com\/fr\/product\/sniper-storm-pc1-standard-tan\/","title":{"rendered":"Sniper STORM PC1 Standard Tan"},"content":{"rendered":"<p><strong>R-shot syst\u00e8me:<\/strong><\/p>\n<p>STORM AIRSOFT vous pr\u00e9sente son nouveau syst\u00e8me pour une exp\u00e9rience de jeu unique.<\/p>\n<p>Finis les Upgrades co\u00fbteux afin de gagner en performance&#8230;<\/p>\n<p>Tr\u00e8s\u00a0performant en sortie de bo\u00eete gr\u00e2ce \u00e0 notre syst\u00e8me pneumatique manuel \u00ab R-Shot System \u00bb que nous avons choisi d\u2019int\u00e9grer dans un Sniper d\u2019un nouveau genre et \u00ab Made in France \u00bb.<span class=\"x_Apple-converted-space x_ContentPasted0\">\u00a0<\/span><\/p>\n<div>\n<div>\n<p class=\"x_MsoNormal\"><span class=\"x_ContentPasted0\">\u00a0<\/span>Ce syst\u00e8me consiste \u00e0 ne plus avoir de pi\u00e8ces m\u00e9caniques\u00a0! A chaque armement manuel du sniper, un volume d\u2019air est comprim\u00e9 dans un r\u00e9servoir clos.<span class=\"x_Apple-converted-space x_ContentPasted0\">\u00a0<\/span><\/p>\n<\/div>\n<\/div>\n<div>\n<p class=\"x_MsoNormal\"><span class=\"x_ContentPasted0\">Lors du tir, un \u00e9lectro aimant lib\u00e8re l\u2019air stock\u00e9 dans le r\u00e9servoir qui pousse la bille d\u2019une fa\u00e7on tr\u00e8s r\u00e9guli\u00e8re lui procurant des performances jamais vu sur un sniper d&rsquo;origine.<span class=\"x_Apple-converted-space x_ContentPasted0\">\u00a0<\/span><\/span><\/p>\n<\/div>\n<div>\n<p class=\"x_MsoNormal\"><span class=\"x_ContentPasted0\">Aucun bruit m\u00e9canique n\u2019est audible \u00e0 part l\u2019air s\u2019\u00e9chappant de la bouche du canon, qui peut totalement disparaitre avec l\u2019ajout d\u2019un silencieux.<span class=\"x_Apple-converted-space x_ContentPasted0\">\u00a0<\/span><\/span><\/p>\n<\/div>\n<div>\n<p class=\"x_MsoNormal\"><span class=\"x_ContentPasted0\">Ultra compact (625 mm sans silencieux) et tr\u00e8s l\u00e9ger (1,6kg), la conception du \u00ab\u00a0R-Shot Syst\u00e8me\u00a0\u00bb permet au sniper d\u2019\u00eatre tr\u00e8s maniable tout en gardant un canon interne de grande taille (460mm).<span class=\"x_Apple-converted-space x_ContentPasted0\">\u00a0<\/span><\/span><\/p>\n<\/div>\n<div>\n<p class=\"x_MsoNormal\"><span class=\"x_ContentPasted0\">Nous avons tout fait pour satisfaire le joueur en d\u00e9veloppant un sniper \u00ab\u00a0pr\u00eat \u00e0 jouer en sorti de boite\u00a0\u00bb offrant des performances exceptionnelles\u00a0! Aucune modification de pi\u00e8ces est n\u00e9cessaire, aucun upgrade n\u2019est requis avec cette nouvelle r\u00e9plique r\u00e9volutionnaire\u00a0!<\/span><\/p>\n<ul>\n<li><span class=\"x_ContentPasted0\">Sniper Bullpup<\/span><\/li>\n<li><span class=\"x_ContentPasted0\">Con\u00e7u et assembl\u00e9 en France<\/span><\/li>\n<li><span class=\"x_ContentPasted0\">Ultra compact (625 mm sans silencieux) <\/span><\/li>\n<li><span class=\"x_ContentPasted0\">Tr\u00e8s l\u00e9ger (1,6kg)<\/span><\/li>\n<li><span class=\"x_ContentPasted0\">Equip\u00e9 du \u00ab R-Shot Syst\u00e8me \u00bb\u00a0<\/span><\/li>\n<li><span class=\"x_ContentPasted0\">Canon interne long (460mm).<\/span><\/li>\n<li><span class=\"x_ContentPasted0\">Performant en sortie de boite <\/span><\/li>\n<li><span class=\"x_ContentPasted0\">Possibilit\u00e9 de personnalisation externe <\/span><\/li>\n<li><span class=\"x_ContentPasted0\">Ajustement du hop up simple (sans d\u00e9montage) et pr\u00e9cis (crant\u00e9)<\/span><\/li>\n<li><span class=\"x_ContentPasted0\">R\u00e9glage de puissance facile et rapide <\/span><\/li>\n<li><span class=\"x_ContentPasted0\">Compatibilit\u00e9 chargeur vsr-10 <\/span><\/li>\n<li><span class=\"x_ContentPasted0\">Joint hop up compatible VSR10<\/span><\/li>\n<\/ul>\n<p><strong>Batterie Lipo 11.1V recommand\u00e9<\/strong><\/p>\n<\/div>\n","protected":false},"excerpt":{"rendered":"<h6 id=\"accroche\"><strong>Le STORM PC1, la r\u00e9plique de sniper Made in France compacte et tr\u00e8s performante en sortie de boite.<\/strong><\/h6>\n","protected":false},"featured_media":3923,"template":"","meta":[],"product_brand":[],"product_cat":[16],"product_tag":[],"class_list":{"0":"post-1325","1":"product","2":"type-product","3":"status-publish","4":"has-post-thumbnail","6":"product_cat-sniper-airsoft","8":"first","9":"instock","10":"shipping-taxable","11":"purchasable","12":"product-type-simple"},"_links":{"self":[{"href":"https:\/\/storm-airsoft.com\/fr\/wp-json\/wp\/v2\/product\/1325","targetHints":{"allow":["GET"]}}],"collection":[{"href":"https:\/\/storm-airsoft.com\/fr\/wp-json\/wp\/v2\/product"}],"about":[{"href":"https:\/\/storm-airsoft.com\/fr\/wp-json\/wp\/v2\/types\/product"}],"wp:featuredmedia":[{"embeddable":true,"href":"https:\/\/storm-airsoft.com\/fr\/wp-json\/wp\/v2\/media\/3923"}],"wp:attachment":[{"href":"https:\/\/storm-airsoft.com\/fr\/wp-json\/wp\/v2\/media?parent=1325"}],"wp:term":[{"taxonomy":"product_brand","embeddable":true,"href":"https:\/\/storm-airsoft.com\/fr\/wp-json\/wp\/v2\/product_brand?post=1325"},{"taxonomy":"product_cat","embeddable":true,"href":"https:\/\/storm-airsoft.com\/fr\/wp-json\/wp\/v2\/product_cat?post=1325"},{"taxonomy":"product_tag","embeddable":true,"href":"https:\/\/storm-airsoft.com\/fr\/wp-json\/wp\/v2\/product_tag?post=1325"}],"curies":[{"name":"wp","href":"https:\/\/api.w.org\/{rel}","templated":true}]}}